{"id":464,"date":"2024-05-12T19:23:26","date_gmt":"2024-05-12T19:23:26","guid":{"rendered":"https:\/\/pedagogickapece.cz\/?page_id=464"},"modified":"2024-09-03T15:22:23","modified_gmt":"2024-09-03T15:22:23","slug":"handle-program","status":"publish","type":"page","link":"https:\/\/pedagogickapece.cz\/?page_id=464","title":{"rendered":"Handle program"},"content":{"rendered":"<p>[et_pb_section fb_built=&#8220;1&#8243; admin_label=&#8220;Header&#8220; _builder_version=&#8220;4.25.1&#8243; _module_preset=&#8220;default&#8220; use_background_color_gradient=&#8220;on&#8220; background_color_gradient_stops=&#8220;#1e232b 0%|rgba(30,35,43,0.68) 100%&#8220; background_color_gradient_overlays_image=&#8220;on&#8220; background_image=&#8220;http:\/\/pedagogickapece.cz\/wp-content\/uploads\/2024\/05\/ucitelka.png&#8220; locked=&#8220;off&#8220; collapsed=&#8220;on&#8220; global_colors_info=&#8220;{%22gcid-9fa4a1b6-767d-41ca-984c-a6f10449c843%22:%91%22background_color_gradient_stops%22,%22background_color_gradient_stops%22%93}&#8220;][et_pb_row _builder_version=&#8220;4.20.0&#8243; _module_preset=&#8220;default&#8220; global_colors_info=&#8220;{}&#8220;][et_pb_column type=&#8220;4_4&#8243; _builder_version=&#8220;4.20.0&#8243; _module_preset=&#8220;default&#8220; global_colors_info=&#8220;{}&#8220;][et_pb_text _builder_version=&#8220;4.25.1&#8243; _module_preset=&#8220;8f6d08bc-3b59-4697-bc05-9a0d37edf58a&#8220; header_4_text_color=&#8220;gcid-2f3f3e09-0a26-4ea7-8906-5e1128945e3f&#8220; text_orientation=&#8220;center&#8220; custom_margin=&#8220;||10px||false|false&#8220; global_colors_info=&#8220;{%22gcid-2f3f3e09-0a26-4ea7-8906-5e1128945e3f%22:%91%22header_4_text_color%22%93}&#8220;]<\/p>\n<h4>Nab\u00edzen\u00e9 slu\u017eby<\/h4>\n<p>[\/et_pb_text][et_pb_image src=&#8220;http:\/\/pedagogickapece.cz\/wp-content\/uploads\/2024\/05\/attorney-1.png&#8220; title_text=&#8220;attorney-1&#8243; _builder_version=&#8220;4.20.0&#8243; _module_preset=&#8220;default&#8220; max_width=&#8220;130px&#8220; module_alignment=&#8220;center&#8220; global_colors_info=&#8220;{}&#8220;][\/et_pb_image][et_pb_text _builder_version=&#8220;4.25.1&#8243; _module_preset=&#8220;9e35525a-c2d7-46f4-97ec-e549ec251311&#8243; text_font=&#8220;Abhaya Libre||||||||&#8220; text_text_color=&#8220;#cab6a1&#8243; text_font_size=&#8220;70px&#8220; header_font=&#8220;Abhaya Libre|||on|||||&#8220; header_text_color=&#8220;gcid-11d3dbbb-f6dc-4fb8-929b-9d6994368d00&#8243; positioning=&#8220;relative&#8220; vertical_offset=&#8220;22px&#8220; horizontal_offset=&#8220;-7px&#8220; vertical_offset_tablet=&#8220;22px&#8220; vertical_offset_phone=&#8220;2px&#8220; vertical_offset_last_edited=&#8220;on|phone&#8220; text_orientation=&#8220;center&#8220; text_font_size_tablet=&#8220;70px&#8220; text_font_size_phone=&#8220;26px&#8220; text_font_size_last_edited=&#8220;on|phone&#8220; global_colors_info=&#8220;{%22gcid-11d3dbbb-f6dc-4fb8-929b-9d6994368d00%22:%91%22header_text_color%22%93}&#8220;]<\/p>\n<p>Handle program<\/p>\n<p>&nbsp;<\/p>\n<p>[\/et_pb_text][\/et_pb_column][\/et_pb_row][\/et_pb_section][et_pb_section fb_built=&#8220;1&#8243; admin_label=&#8220;Service Info&#8220; _builder_version=&#8220;4.25.1&#8243; _module_preset=&#8220;default&#8220; background_color=&#8220;gcid-9fa4a1b6-767d-41ca-984c-a6f10449c843&#8243; use_background_color_gradient=&#8220;on&#8220; background_color_gradient_stops=&#8220;#1e232b 0%|rgba(30,35,43,0.68) 100%&#8220; background_color_gradient_overlays_image=&#8220;on&#8220; collapsed=&#8220;on&#8220; global_colors_info=&#8220;{%22gcid-9fa4a1b6-767d-41ca-984c-a6f10449c843%22:%91%22background_color_gradient_stops%22,%22background_color%22%93}&#8220;][et_pb_row custom_padding_last_edited=&#8220;on|desktop&#8220; _builder_version=&#8220;4.20.0&#8243; _module_preset=&#8220;default&#8220; custom_padding=&#8220;30px|60px|30px|60px|true|true&#8220; custom_padding_tablet=&#8220;|40px||40px|false|true&#8220; custom_padding_phone=&#8220;20px|20px|20px|20px|true|true&#8220; border_color_all=&#8220;gcid-11d3dbbb-f6dc-4fb8-929b-9d6994368d00&#8243; border_width_left=&#8220;5px&#8220; global_colors_info=&#8220;{%22gcid-11d3dbbb-f6dc-4fb8-929b-9d6994368d00%22:%91%22border_color_all%22%93}&#8220;][et_pb_column type=&#8220;4_4&#8243; _builder_version=&#8220;4.20.0&#8243; _module_preset=&#8220;default&#8220; global_colors_info=&#8220;{}&#8220;][et_pb_text _builder_version=&#8220;4.25.1&#8243; _module_preset=&#8220;c1c64ac6-3203-41ef-9cab-f65c7f951310&#8243; text_text_color=&#8220;#FFFFFF&#8220; global_colors_info=&#8220;{}&#8220;]<\/p>\n<p><strong>HANDLE<\/strong>\u00a0(cel\u00fdm n\u00e1zvem Handle Approach NeuroDevelopment and Learning Efficiency, \u010desky Holistick\u00fd p\u0159\u00edstup k\u00a0neurov\u00fdvoji a\u00a0efektivit\u011b u\u010den\u00ed) je<strong>\u00a0jemn\u00e1, respektuj\u00edc\u00ed neurov\u00fdvojov\u00e1 terapie<\/strong>.<\/p>\n<p>Terapie je vhodn\u00e1 pro d\u011bti i\u00a0dosp\u011bl\u00e9, kte\u0159\u00ed maj\u00ed\u00a0<strong>r\u016fzn\u00e9 neurov\u00fdvojov\u00e9 obt\u00ed\u017ee,<\/strong>\u00a0nap\u0159. poruchy autistick\u00e9ho spektra, poruchy u\u010den\u00ed, ADHD, poruchy v\u00fdvoje \u0159e\u010di, poruchy pam\u011bti, poruchy chov\u00e1n\u00ed apod.<\/p>\n<p><strong>HANDLE p\u0159\u00edstup<\/strong>\u00a0se ale nezam\u011b\u0159uje na\u00a0diagn\u00f3zy a\u00a0ned\u00e1v\u00e1 n\u00e1lepky.<\/p>\n<p><strong>Handle hled\u00e1 skryt\u00e9 p\u0159\u00ed\u010diny obt\u00ed\u017e\u00ed.\u00a0 Zaj\u00edm\u00e1 se o\u00a0to, co br\u00e1n\u00ed d\u00edt\u011bti v\u00a0u\u010den\u00ed a\u00a0zt\u011b\u017euje mu ka\u017edodenn\u00ed fungov\u00e1n\u00ed.<\/strong>\u00a0Pod pojem u\u010den\u00ed se d\u00e1 zahrnout nejen \u0161koln\u00ed u\u010den\u00ed, ale u\u010den\u00ed se \u010demukoliv nov\u00e9mu, v\u010detn\u011b nov\u00fdch dovednost\u00ed.<\/p>\n<p>&nbsp;<\/p>\n<p>[\/et_pb_text][\/et_pb_column][\/et_pb_row][et_pb_row _builder_version=&#8220;4.25.1&#8243; _module_preset=&#8220;default&#8220; use_background_color_gradient=&#8220;on&#8220; background_color_gradient_stops=&#8220;#545454 0%|#1e1e1e 99%&#8220; background_enable_pattern_style=&#8220;on&#8220; background_pattern_style=&#8220;squares&#8220; background_enable_mask_style=&#8220;on&#8220; background_mask_style=&#8220;wave&#8220; global_colors_info=&#8220;{}&#8220;][et_pb_column type=&#8220;4_4&#8243; _builder_version=&#8220;4.20.0&#8243; _module_preset=&#8220;default&#8220; global_colors_info=&#8220;{}&#8220;][et_pb_image src=&#8220;http:\/\/pedagogickapece.cz\/wp-content\/uploads\/2024\/05\/Handle-program-1.png&#8220; title_text=&#8220;Handle-program-1&#8243; _builder_version=&#8220;4.25.1&#8243; _module_preset=&#8220;default&#8220; transform_scale=&#8220;70%|70%&#8220; positioning=&#8220;relative&#8220; vertical_offset=&#8220;-7px&#8220; horizontal_offset=&#8220;-66px&#8220; z_index=&#8220;-100&#8243; vertical_offset_tablet=&#8220;-7px&#8220; vertical_offset_phone=&#8220;-7px&#8220; vertical_offset_last_edited=&#8220;on|desktop&#8220; horizontal_offset_tablet=&#8220;-47px&#8220; horizontal_offset_phone=&#8220;-17px&#8220; horizontal_offset_last_edited=&#8220;on|desktop&#8220; position_origin_a_tablet=&#8220;&#8220; position_origin_a_phone=&#8220;&#8220; position_origin_a_last_edited=&#8220;on|desktop&#8220; position_origin_f_tablet=&#8220;&#8220; position_origin_f_phone=&#8220;&#8220; position_origin_f_last_edited=&#8220;on|desktop&#8220; position_origin_r_tablet=&#8220;&#8220; position_origin_r_phone=&#8220;&#8220; position_origin_r_last_edited=&#8220;on|desktop&#8220; animation_style=&#8220;fold&#8220; positioning_tablet=&#8220;relative&#8220; positioning_phone=&#8220;relative&#8220; positioning_last_edited=&#8220;on|desktop&#8220; border_radii=&#8220;on|15px|15px|15px|15px&#8220; global_colors_info=&#8220;{}&#8220;][\/et_pb_image][\/et_pb_column][\/et_pb_row][\/et_pb_section][et_pb_section fb_built=&#8220;1&#8243; admin_label=&#8220;Case Studies&#8220; _builder_version=&#8220;4.25.1&#8243; _module_preset=&#8220;default&#8220; background_color=&#8220;gcid-2f3f3e09-0a26-4ea7-8906-5e1128945e3f&#8220; collapsed=&#8220;on&#8220; global_colors_info=&#8220;{%22gcid-2f3f3e09-0a26-4ea7-8906-5e1128945e3f%22:%91%22background_color%22%93}&#8220;][et_pb_row _builder_version=&#8220;4.20.0&#8243; _module_preset=&#8220;default&#8220; global_colors_info=&#8220;{}&#8220;][et_pb_column type=&#8220;4_4&#8243; _builder_version=&#8220;4.20.0&#8243; _module_preset=&#8220;default&#8220; global_colors_info=&#8220;{}&#8220;][et_pb_text _builder_version=&#8220;4.25.1&#8243; _module_preset=&#8220;efcc28cc-8204-4269-acfb-46e6d929c157&#8243; text_font_size=&#8220;19px&#8220; header_2_font=&#8220;Abhaya Libre|||on|||||&#8220; header_2_text_color=&#8220;#000000&#8243; global_colors_info=&#8220;{}&#8220;]<\/p>\n<h2>M\u00e1te z\u00e1jem o tento program ?<\/h2>\n<p><span style=\"color: #333333;\">napi\u0161te m\u011b<\/span><\/p>\n<p>[\/et_pb_text][\/et_pb_column][\/et_pb_row][et_pb_row column_structure=&#8220;1_3,1_3,1_3&#8243; _builder_version=&#8220;4.20.0&#8243; _module_preset=&#8220;default&#8220; global_colors_info=&#8220;{}&#8220;][et_pb_column type=&#8220;1_3&#8243; _builder_version=&#8220;4.20.0&#8243; _module_preset=&#8220;default&#8220; custom_padding_tablet=&#8220;||30px||false|false&#8220; custom_padding_phone=&#8220;||30px||false|false&#8220; custom_padding_last_edited=&#8220;on|tablet&#8220; global_colors_info=&#8220;{}&#8220;][et_pb_contact_form email=&#8220;petrajanecek@seznam.cz&#8220; _builder_version=&#8220;4.25.1&#8243; _module_preset=&#8220;7611b827-f41c-4617-89cc-1f9282ab2ba0&#8243; locked=&#8220;off&#8220; global_colors_info=&#8220;{}&#8220;][et_pb_contact_field field_id=&#8220;Name&#8220; field_title=&#8220;va\u0161e jm\u00e9no&#8220; fullwidth_field=&#8220;on&#8220; _builder_version=&#8220;4.25.1&#8243; _module_preset=&#8220;default&#8220; form_field_background_color=&#8220;#FFFFFF&#8220; form_field_font=&#8220;Abhaya Libre|500|||||||&#8220; form_field_font_size=&#8220;17px&#8220; global_colors_info=&#8220;{}&#8220; button_text_size__hover_enabled=&#8220;off&#8220; button_one_text_size__hover_enabled=&#8220;off&#8220; button_two_text_size__hover_enabled=&#8220;off&#8220; button_text_color__hover_enabled=&#8220;off&#8220; button_one_text_color__hover_enabled=&#8220;off&#8220; button_two_text_color__hover_enabled=&#8220;off&#8220; button_border_width__hover_enabled=&#8220;off&#8220; button_one_border_width__hover_enabled=&#8220;off&#8220; button_two_border_width__hover_enabled=&#8220;off&#8220; button_border_color__hover_enabled=&#8220;off&#8220; button_one_border_color__hover_enabled=&#8220;off&#8220; button_two_border_color__hover_enabled=&#8220;off&#8220; button_border_radius__hover_enabled=&#8220;off&#8220; button_one_border_radius__hover_enabled=&#8220;off&#8220; button_two_border_radius__hover_enabled=&#8220;off&#8220; button_letter_spacing__hover_enabled=&#8220;off&#8220; button_one_letter_spacing__hover_enabled=&#8220;off&#8220; button_two_letter_spacing__hover_enabled=&#8220;off&#8220; button_bg_color__hover_enabled=&#8220;off&#8220; button_one_bg_color__hover_enabled=&#8220;off&#8220; button_two_bg_color__hover_enabled=&#8220;off&#8220;][\/et_pb_contact_field][et_pb_contact_field field_id=&#8220;Email&#8220; field_title=&#8220;v\u00e1\u0161  E-mail &#8220; field_type=&#8220;email&#8220; fullwidth_field=&#8220;on&#8220; _builder_version=&#8220;4.25.1&#8243; _module_preset=&#8220;default&#8220; form_field_background_color=&#8220;#FFFFFF&#8220; form_field_focus_background_color=&#8220;#000000&#8243; form_field_font=&#8220;Abhaya Libre|500|||||||&#8220; form_field_font_size=&#8220;16px&#8220; global_colors_info=&#8220;{}&#8220; button_text_size__hover_enabled=&#8220;off&#8220; button_one_text_size__hover_enabled=&#8220;off&#8220; button_two_text_size__hover_enabled=&#8220;off&#8220; button_text_color__hover_enabled=&#8220;off&#8220; button_one_text_color__hover_enabled=&#8220;off&#8220; button_two_text_color__hover_enabled=&#8220;off&#8220; button_border_width__hover_enabled=&#8220;off&#8220; button_one_border_width__hover_enabled=&#8220;off&#8220; button_two_border_width__hover_enabled=&#8220;off&#8220; button_border_color__hover_enabled=&#8220;off&#8220; button_one_border_color__hover_enabled=&#8220;off&#8220; button_two_border_color__hover_enabled=&#8220;off&#8220; button_border_radius__hover_enabled=&#8220;off&#8220; button_one_border_radius__hover_enabled=&#8220;off&#8220; button_two_border_radius__hover_enabled=&#8220;off&#8220; button_letter_spacing__hover_enabled=&#8220;off&#8220; button_one_letter_spacing__hover_enabled=&#8220;off&#8220; button_two_letter_spacing__hover_enabled=&#8220;off&#8220; button_bg_color__hover_enabled=&#8220;off&#8220; button_one_bg_color__hover_enabled=&#8220;off&#8220; button_two_bg_color__hover_enabled=&#8220;off&#8220;][\/et_pb_contact_field][et_pb_contact_field field_id=&#8220;Message&#8220; field_title=&#8220;Zpr\u00e1va&#8220; field_type=&#8220;text&#8220; fullwidth_field=&#8220;on&#8220; _builder_version=&#8220;4.25.1&#8243; _module_preset=&#8220;default&#8220; form_field_background_color=&#8220;#FFFFFF&#8220; form_field_font=&#8220;Abhaya Libre|500||on|||||&#8220; form_field_font_size=&#8220;16px&#8220; global_colors_info=&#8220;{}&#8220; button_text_size__hover_enabled=&#8220;off&#8220; button_one_text_size__hover_enabled=&#8220;off&#8220; button_two_text_size__hover_enabled=&#8220;off&#8220; button_text_color__hover_enabled=&#8220;off&#8220; button_one_text_color__hover_enabled=&#8220;off&#8220; button_two_text_color__hover_enabled=&#8220;off&#8220; button_border_width__hover_enabled=&#8220;off&#8220; button_one_border_width__hover_enabled=&#8220;off&#8220; button_two_border_width__hover_enabled=&#8220;off&#8220; button_border_color__hover_enabled=&#8220;off&#8220; button_one_border_color__hover_enabled=&#8220;off&#8220; button_two_border_color__hover_enabled=&#8220;off&#8220; button_border_radius__hover_enabled=&#8220;off&#8220; button_one_border_radius__hover_enabled=&#8220;off&#8220; button_two_border_radius__hover_enabled=&#8220;off&#8220; button_letter_spacing__hover_enabled=&#8220;off&#8220; button_one_letter_spacing__hover_enabled=&#8220;off&#8220; button_two_letter_spacing__hover_enabled=&#8220;off&#8220; button_bg_color__hover_enabled=&#8220;off&#8220; button_one_bg_color__hover_enabled=&#8220;off&#8220; button_two_bg_color__hover_enabled=&#8220;off&#8220;][\/et_pb_contact_field][\/et_pb_contact_form][\/et_pb_column][et_pb_column type=&#8220;1_3&#8243; _builder_version=&#8220;4.20.0&#8243; _module_preset=&#8220;default&#8220; custom_padding_tablet=&#8220;||30px||false|false&#8220; custom_padding_phone=&#8220;||30px||false|false&#8220; custom_padding_last_edited=&#8220;on|tablet&#8220; global_colors_info=&#8220;{}&#8220;][et_pb_image src=&#8220;http:\/\/pedagogickapece.cz\/wp-content\/uploads\/2024\/05\/ruce-srdce-seda.png&#8220; title_text=&#8220;ruce srdce seda&#8220; _builder_version=&#8220;4.25.1&#8243; _module_preset=&#8220;default&#8220; positioning=&#8220;relative&#8220; horizontal_offset_tablet=&#8220;&#8220; horizontal_offset_phone=&#8220;90px&#8220; horizontal_offset_last_edited=&#8220;on|phone&#8220; global_colors_info=&#8220;{}&#8220;][\/et_pb_image][\/et_pb_column][et_pb_column type=&#8220;1_3&#8243; _builder_version=&#8220;4.20.0&#8243; _module_preset=&#8220;default&#8220; global_colors_info=&#8220;{}&#8220;][\/et_pb_column][\/et_pb_row][\/et_pb_section][et_pb_section fb_built=&#8220;1&#8243; admin_label=&#8220;Footer&#8220; _builder_version=&#8220;4.20.0&#8243; _module_preset=&#8220;default&#8220; use_background_color_gradient=&#8220;on&#8220; background_color_gradient_stops=&#8220;#1e232b 0%|rgba(30,35,43,0.9) 100%&#8220; background_color_gradient_overlays_image=&#8220;on&#8220; background_image=&#8220;http:\/\/pedagogickapece.cz\/wp-content\/uploads\/2024\/05\/paper-texture.jpg&#8220; saved_tabs=&#8220;all&#8220; collapsed=&#8220;on&#8220; global_colors_info=&#8220;{}&#8220;][et_pb_row column_structure=&#8220;1_3,1_3,1_3&#8243; _builder_version=&#8220;4.20.0&#8243; _module_preset=&#8220;default&#8220; global_colors_info=&#8220;{}&#8220; theme_builder_area=&#8220;post_content&#8220;][et_pb_column type=&#8220;1_3&#8243; _builder_version=&#8220;4.20.0&#8243; _module_preset=&#8220;default&#8220; global_colors_info=&#8220;{}&#8220; theme_builder_area=&#8220;post_content&#8220;][et_pb_text _builder_version=&#8220;4.25.1&#8243; _module_preset=&#8220;79c26127-1629-447c-8558-1755dd83ead1&#8243; header_4_font=&#8220;Nanum Myeongjo|700|||||||&#8220; text_orientation=&#8220;center&#8220; global_colors_info=&#8220;{%22gcid-11d3dbbb-f6dc-4fb8-929b-9d6994368d00%22:%91%22header_4_text_color%22%93}&#8220; theme_builder_area=&#8220;post_content&#8220;]<\/p>\n<h4>Adresa provozovny:<\/h4>\n<p>[\/et_pb_text][et_pb_text _builder_version=&#8220;4.27.0&#8243; _module_preset=&#8220;c9c3ece8-db62-4406-918e-794f776e67da&#8220; text_text_color=&#8220;#FFFFFF&#8220; text_orientation=&#8220;center&#8220; custom_margin=&#8220;||10px||false|false&#8220; global_colors_info=&#8220;{}&#8220; theme_builder_area=&#8220;post_content&#8220;]<\/p>\n<p>\u0160milovsk\u00e9ho 39,<\/p>\n<p>339 01 Klatovy<\/p>\n<p>[\/et_pb_text][\/et_pb_column][et_pb_column type=&#8220;1_3&#8243; _builder_version=&#8220;4.20.0&#8243; _module_preset=&#8220;default&#8220; global_colors_info=&#8220;{}&#8220; theme_builder_area=&#8220;post_content&#8220;][et_pb_image src=&#8220;http:\/\/pedagogickapece.cz\/wp-content\/uploads\/2024\/05\/ruce-srdce-bila.png&#8220; title_text=&#8220;ruce srdce b\u00edl\u00e1&#8220; align=&#8220;center&#8220; _builder_version=&#8220;4.25.1&#8243; _module_preset=&#8220;default&#8220; max_height=&#8220;80px&#8220; global_colors_info=&#8220;{}&#8220; theme_builder_area=&#8220;post_content&#8220;][\/et_pb_image][et_pb_text _builder_version=&#8220;4.25.1&#8243; _module_preset=&#8220;79c26127-1629-447c-8558-1755dd83ead1&#8243; header_4_font=&#8220;Abhaya Libre||||||||&#8220; header_4_font_size=&#8220;19px&#8220; text_orientation=&#8220;center&#8220; header_4_font_size_phone=&#8220;14px&#8220; locked=&#8220;off&#8220; global_colors_info=&#8220;{%22gcid-11d3dbbb-f6dc-4fb8-929b-9d6994368d00%22:%91%22header_4_text_color%22%93}&#8220; theme_builder_area=&#8220;post_content&#8220;]<\/p>\n<h4>SPECI\u00c1LN\u011a PEDAGOGICK\u00c1 P\u00c9\u010cE &#8222;SRDCE NA DLANI&#8220;<\/h4>\n<p>[\/et_pb_text][\/et_pb_column][et_pb_column type=&#8220;1_3&#8243; _builder_version=&#8220;4.20.0&#8243; _module_preset=&#8220;default&#8220; global_colors_info=&#8220;{}&#8220; theme_builder_area=&#8220;post_content&#8220;][et_pb_text _builder_version=&#8220;4.25.1&#8243; _dynamic_attributes=&#8220;link_option_url&#8220; _module_preset=&#8220;79c26127-1629-447c-8558-1755dd83ead1&#8243; header_4_font=&#8220;Nanum Myeongjo|700|||||||&#8220; text_orientation=&#8220;center&#8220; link_option_url=&#8220;@ET-DC@eyJkeW5hbWljIjp0cnVlLCJjb250ZW50IjoicG9zdF9saW5rX3VybF9wYWdlIiwic2V0dGluZ3MiOnsicG9zdF9pZCI6IjcyIn19@&#8220; link_option_url_new_window=&#8220;on&#8220; locked=&#8220;off&#8220; global_colors_info=&#8220;{%22gcid-11d3dbbb-f6dc-4fb8-929b-9d6994368d00%22:%91%22header_4_text_color%22%93}&#8220; theme_builder_area=&#8220;post_content&#8220;]<\/p>\n<h4>Contakt Info:<\/h4>\n<p>[\/et_pb_text][et_pb_text _builder_version=&#8220;4.25.1&#8243; _module_preset=&#8220;c9c3ece8-db62-4406-918e-794f776e67da&#8220; text_text_color=&#8220;#FFFFFF&#8220; link_text_color=&#8220;#FFFFFF&#8220; text_orientation=&#8220;center&#8220; custom_margin=&#8220;||10px||false|false&#8220; locked=&#8220;off&#8220; global_colors_info=&#8220;{}&#8220; theme_builder_area=&#8220;post_content&#8220;]<\/p>\n<p>+420 603 972 279<\/p>\n<p>[\/et_pb_text][et_pb_text _builder_version=&#8220;4.25.1&#8243; _module_preset=&#8220;c9c3ece8-db62-4406-918e-794f776e67da&#8220; text_text_color=&#8220;#FFFFFF&#8220; link_text_color=&#8220;#FFFFFF&#8220; text_orientation=&#8220;center&#8220; custom_margin=&#8220;||10px||false|false&#8220; locked=&#8220;off&#8220; global_colors_info=&#8220;{}&#8220; theme_builder_area=&#8220;post_content&#8220;]<\/p>\n<p><a href=\"mailto:#\">petrajanecek@seznam.cz<\/a><\/p>\n<p>[\/et_pb_text][et_pb_social_media_follow follow_button=&#8220;on&#8220; _builder_version=&#8220;4.27.0&#8243; _module_preset=&#8220;default&#8220; positioning=&#8220;relative&#8220; horizontal_offset_tablet=&#8220;139px&#8220; horizontal_offset_phone=&#8220;2px&#8220; horizontal_offset_last_edited=&#8220;on|desktop&#8220; global_colors_info=&#8220;{}&#8220; follow_button__hover_enabled=&#8220;on|hover&#8220; follow_button__hover=&#8220;on&#8220; theme_builder_area=&#8220;post_content&#8220;][et_pb_social_media_follow_network social_network=&#8220;facebook&#8220; url=&#8220;https:\/\/www.facebook.com\/p.344552\/&#8220; _builder_version=&#8220;4.27.0&#8243; _module_preset=&#8220;default&#8220; background_color=&#8220;#3b5998&#8243; custom_button=&#8220;on&#8220; button_text_size=&#8220;15px&#8220; button_text_color=&#8220;#FFFFFF&#8220; button_border_radius=&#8220;0px&#8220; button_letter_spacing=&#8220;6px&#8220; positioning=&#8220;relative&#8220; horizontal_offset=&#8220;81px&#8220; global_colors_info=&#8220;{}&#8220; theme_builder_area=&#8220;post_content&#8220; follow_button=&#8220;on&#8220; url_new_window=&#8220;on&#8220;]facebook[\/et_pb_social_media_follow_network][\/et_pb_social_media_follow][\/et_pb_column][\/et_pb_row][\/et_pb_section]<\/p>\n","protected":false},"excerpt":{"rendered":"<p>Nab\u00edzen\u00e9 slu\u017ebyHandle program &nbsp;HANDLE\u00a0(cel\u00fdm n\u00e1zvem Handle Approach NeuroDevelopment and Learning Efficiency, \u010desky Holistick\u00fd p\u0159\u00edstup k\u00a0neurov\u00fdvoji a\u00a0efektivit\u011b u\u010den\u00ed) je\u00a0jemn\u00e1, respektuj\u00edc\u00ed neurov\u00fdvojov\u00e1 terapie. Terapie je vhodn\u00e1 pro d\u011bti i\u00a0dosp\u011bl\u00e9, kte\u0159\u00ed maj\u00ed\u00a0r\u016fzn\u00e9 neurov\u00fdvojov\u00e9 obt\u00ed\u017ee,\u00a0nap\u0159. poruchy autistick\u00e9ho spektra, poruchy u\u010den\u00ed, ADHD, poruchy v\u00fdvoje \u0159e\u010di, poruchy pam\u011bti, poruchy chov\u00e1n\u00ed apod. HANDLE p\u0159\u00edstup\u00a0se ale nezam\u011b\u0159uje na\u00a0diagn\u00f3zy a\u00a0ned\u00e1v\u00e1 n\u00e1lepky. Handle hled\u00e1 skryt\u00e9 [&hellip;]<\/p>\n","protected":false},"author":1,"featured_media":0,"parent":262,"menu_order":9,"comment_status":"closed","ping_status":"closed","template":"","meta":{"_et_pb_use_builder":"on","_et_pb_old_content":"","_et_gb_content_width":"","footnotes":""},"class_list":["post-464","page","type-page","status-publish","hentry"],"_links":{"self":[{"href":"https:\/\/pedagogickapece.cz\/index.php?rest_route=\/wp\/v2\/pages\/464","targetHints":{"allow":["GET"]}}],"collection":[{"href":"https:\/\/pedagogickapece.cz\/index.php?rest_route=\/wp\/v2\/pages"}],"about":[{"href":"https:\/\/pedagogickapece.cz\/index.php?rest_route=\/wp\/v2\/types\/page"}],"author":[{"embeddable":true,"href":"https:\/\/pedagogickapece.cz\/index.php?rest_route=\/wp\/v2\/users\/1"}],"replies":[{"embeddable":true,"href":"https:\/\/pedagogickapece.cz\/index.php?rest_route=%2Fwp%2Fv2%2Fcomments&post=464"}],"version-history":[{"count":6,"href":"https:\/\/pedagogickapece.cz\/index.php?rest_route=\/wp\/v2\/pages\/464\/revisions"}],"predecessor-version":[{"id":561,"href":"https:\/\/pedagogickapece.cz\/index.php?rest_route=\/wp\/v2\/pages\/464\/revisions\/561"}],"up":[{"embeddable":true,"href":"https:\/\/pedagogickapece.cz\/index.php?rest_route=\/wp\/v2\/pages\/262"}],"wp:attachment":[{"href":"https:\/\/pedagogickapece.cz\/index.php?rest_route=%2Fwp%2Fv2%2Fmedia&parent=464"}],"curies":[{"name":"wp","href":"https:\/\/api.w.org\/{rel}","templated":true}]}}