{"id":84,"date":"2024-05-08T21:34:53","date_gmt":"2024-05-08T21:34:53","guid":{"rendered":"http:\/\/pedagogickapece.cz\/?page_id=84"},"modified":"2025-02-06T20:55:13","modified_gmt":"2025-02-06T20:55:13","slug":"mgr-petra-janeckova","status":"publish","type":"page","link":"https:\/\/pedagogickapece.cz\/?page_id=84","title":{"rendered":"Mgr. Petra Jane\u010dkov\u00e1"},"content":{"rendered":"<p>[et_pb_section fb_built=&#8220;1&#8243; admin_label=&#8220;Header&#8220; _builder_version=&#8220;4.25.1&#8243; _module_preset=&#8220;default&#8220; use_background_color_gradient=&#8220;on&#8220; background_color_gradient_stops=&#8220;#1e232b 0%|rgba(30,35,43,0.9) 7%&#8220; background_color_gradient_overlays_image=&#8220;on&#8220; background_image=&#8220;http:\/\/pedagogickapece.cz\/wp-content\/uploads\/2024\/05\/ucitelka2.png&#8220; locked=&#8220;off&#8220; collapsed=&#8220;on&#8220; global_colors_info=&#8220;{%22gcid-9fa4a1b6-767d-41ca-984c-a6f10449c843%22:%91%22background_color_gradient_stops%22%93}&#8220;][et_pb_row _builder_version=&#8220;4.20.0&#8243; _module_preset=&#8220;default&#8220; global_colors_info=&#8220;{}&#8220;][et_pb_column type=&#8220;4_4&#8243; _builder_version=&#8220;4.20.0&#8243; _module_preset=&#8220;default&#8220; global_colors_info=&#8220;{}&#8220;][et_pb_image src=&#8220;http:\/\/pedagogickapece.cz\/wp-content\/uploads\/2024\/05\/attorney-1.png&#8220; title_text=&#8220;attorney-1&#8243; _builder_version=&#8220;4.20.0&#8243; _module_preset=&#8220;default&#8220; max_width=&#8220;130px&#8220; module_alignment=&#8220;center&#8220; global_colors_info=&#8220;{}&#8220;][\/et_pb_image][et_pb_text _builder_version=&#8220;4.25.1&#8243; _module_preset=&#8220;2c5102e4-123e-4273-8b62-c57824e2f935&#8243; header_font=&#8220;Abhaya Libre||||||||&#8220; header_text_color=&#8220;gcid-11d3dbbb-f6dc-4fb8-929b-9d6994368d00&#8243; header_2_font=&#8220;Allura||||||||&#8220; text_orientation=&#8220;center&#8220; global_colors_info=&#8220;{%22gcid-11d3dbbb-f6dc-4fb8-929b-9d6994368d00%22:%91%22header_2_text_color%22,%22header_text_color%22%93}&#8220;]<\/p>\n<h1>Mgr. Petra Jane\u010dkov\u00e1<\/h1>\n<p>[\/et_pb_text][et_pb_button button_url=&#8220;@ET-DC@eyJkeW5hbWljIjp0cnVlLCJjb250ZW50IjoicG9zdF9saW5rX3VybF9wYWdlIiwic2V0dGluZ3MiOnsicG9zdF9pZCI6IjcyIn19@&#8220; url_new_window=&#8220;on&#8220; button_text=&#8220;kontakt:&#8220; button_alignment=&#8220;center&#8220; _builder_version=&#8220;4.27.0&#8243; _dynamic_attributes=&#8220;button_url&#8220; _module_preset=&#8220;e73e0af3-b9e3-4696-ab06-2320b639f718&#8243; global_colors_info=&#8220;{}&#8220; transform_styles__hover_enabled=&#8220;on|hover&#8220; transform_scale__hover_enabled=&#8220;on|hover&#8220; transform_translate__hover_enabled=&#8220;on|desktop&#8220; transform_rotate__hover_enabled=&#8220;on|desktop&#8220; transform_skew__hover_enabled=&#8220;on|desktop&#8220; transform_origin__hover_enabled=&#8220;on|desktop&#8220; transform_scale__hover=&#8220;120%|120%&#8220;][\/et_pb_button][\/et_pb_column][\/et_pb_row][\/et_pb_section][et_pb_section fb_built=&#8220;1&#8243; admin_label=&#8220;About&#8220; _builder_version=&#8220;4.20.0&#8243; _module_preset=&#8220;default&#8220; background_color=&#8220;gcid-9fa4a1b6-767d-41ca-984c-a6f10449c843&#8243; use_background_color_gradient=&#8220;on&#8220; background_color_gradient_stops=&#8220;#1e232b 0%|rgba(30,35,43,0.9) 100%&#8220; background_color_gradient_overlays_image=&#8220;on&#8220; locked=&#8220;off&#8220; collapsed=&#8220;on&#8220; global_colors_info=&#8220;{%22gcid-9fa4a1b6-767d-41ca-984c-a6f10449c843%22:%91%22background_color%22%93}&#8220;][et_pb_row column_structure=&#8220;1_2,1_2&#8243; make_equal=&#8220;on&#8220; _builder_version=&#8220;4.25.1&#8243; _module_preset=&#8220;default&#8220; global_colors_info=&#8220;{}&#8220;][et_pb_column type=&#8220;1_2&#8243; _builder_version=&#8220;4.20.0&#8243; _module_preset=&#8220;default&#8220; global_colors_info=&#8220;{}&#8220;][et_pb_text _builder_version=&#8220;4.27.0&#8243; _module_preset=&#8220;b42a4c48-a3fe-4bca-a6a5-0ba8c68b1bdb&#8220; header_2_font=&#8220;Allura||||||||&#8220; header_2_font_size=&#8220;54px&#8220; positioning=&#8220;relative&#8220; vertical_offset_tablet=&#8220;&#8220; vertical_offset_phone=&#8220;2px&#8220; vertical_offset_last_edited=&#8220;on|phone&#8220; horizontal_offset_tablet=&#8220;130px&#8220; horizontal_offset_phone=&#8220;61px&#8220; horizontal_offset_last_edited=&#8220;on|phone&#8220; global_colors_info=&#8220;{%22gcid-11d3dbbb-f6dc-4fb8-929b-9d6994368d00%22:%91%22header_2_text_color%22%93}&#8220;]<\/p>\n<h2>Jmenuji se Petra Jane\u010dkov\u00e1<\/h2>\n<p>[\/et_pb_text][et_pb_text content_tablet=&#8220;<\/p>\n<h3 style=%22text-align: center;%22><span style=%22color: #ffffff;%22>Jsem speci\u00e1ln\u00ed pedago\u017eka a v oboru pracuji v\u00edce<\/span><\/h3>\n<h3 style=%22text-align: center;%22><span style=%22color: #ffffff;%22> ne\u017e 30 let.<\/span><\/h3>\n<p>&#8220; content_phone=&#8220;<\/p>\n<h3 style=%22text-align: center;%22><span style=%22color: #ffffff;%22>Jsem speci\u00e1ln\u00ed pedago\u017eka a v oboru pracuji v\u00edce<\/span><\/h3>\n<h3 style=%22text-align: center;%22><span style=%22color: #ffffff;%22> ne\u017e 30 let.<\/span><\/h3>\n<p>&#8220; content_last_edited=&#8220;on|phone&#8220; _builder_version=&#8220;4.27.0&#8243; _module_preset=&#8220;b42a4c48-a3fe-4bca-a6a5-0ba8c68b1bdb&#8220; header_2_font=&#8220;Abhaya Libre||||||||&#8220; header_3_font=&#8220;Abhaya Libre||||||||&#8220; header_3_font_size=&#8220;24px&#8220; global_colors_info=&#8220;{%22gcid-11d3dbbb-f6dc-4fb8-929b-9d6994368d00%22:%91%22header_2_text_color%22%93}&#8220;]<\/p>\n<h3 style=\"text-align: center;\"><span style=\"color: #ffffff;\">Jsem speci\u00e1ln\u00ed pedago\u017eka a v\u00a0oboru pracuji v\u00edce<\/span><\/h3>\n<h3 style=\"text-align: center;\"><span style=\"color: #ffffff;\"> ne\u017e 30 let.<\/span><\/h3>\n<p>[\/et_pb_text][et_pb_image src=&#8220;http:\/\/pedagogickapece.cz\/wp-content\/uploads\/2024\/05\/attorney-1.png&#8220; title_text=&#8220;attorney-1&#8243; align=&#8220;center&#8220; align_tablet=&#8220;center&#8220; align_phone=&#8220;center&#8220; align_last_edited=&#8220;on|desktop&#8220; _builder_version=&#8220;4.27.0&#8243; _module_preset=&#8220;default&#8220; max_width=&#8220;65px&#8220; locked=&#8220;off&#8220; global_colors_info=&#8220;{}&#8220;][\/et_pb_image][et_pb_text _builder_version=&#8220;4.25.1&#8243; _module_preset=&#8220;c9c3ece8-db62-4406-918e-794f776e67da&#8220; text_text_color=&#8220;#FFFFFF&#8220; locked=&#8220;off&#8220; global_colors_info=&#8220;{}&#8220;]<\/p>\n<p>B\u011bhem sv\u00e9 praxe jsem p\u016fsobila v\u00a0\u00fastavn\u00edm za\u0159\u00edzen\u00ed pro osoby s\u00a0ment\u00e1ln\u00edm posti\u017een\u00edm, d\u00e1le jako u\u010ditelka ve v\u00fdchovn\u00e9m za\u0159\u00edzen\u00ed a nyn\u00ed ji\u017e mnoho let pracuji jako u\u010ditelka ve speci\u00e1ln\u00ed \u0161kole.<\/p>\n<p>P\u0159i sv\u00e9 pr\u00e1ci se ve voln\u00e9m \u010dase v\u011bnuji d\u011btem v\u00a0p\u0159ed\u0161koln\u00edm a \u0161koln\u00edm v\u011bku, n\u00e1prav\u00e1m jejich obt\u00ed\u017e\u00ed ve vzd\u011bl\u00e1vac\u00edm procesu.<\/p>\n<p>Ve sv\u00e9 pr\u00e1ci vyu\u017e\u00edv\u00e1m mnoho reeduka\u010dn\u00edch program\u016f, propojuji poznatky a zku\u0161enosti z\u00a0Neuro-v\u00fdvojov\u00e9 stimulace, Handle p\u0159\u00edstupu, Baz\u00e1ln\u00ed stimulace, Bilater\u00e1ln\u00ed integrace, ze Specializa\u010dn\u00edho studia pro logopedy ve \u0161kolstv\u00ed.<\/p>\n<p><span style=\"color: #ffffff;\"><strong>Vzd\u011bl\u00e1n\u00ed:<\/strong><\/span><\/p>\n<p><span style=\"color: #ffffff;\"><strong>UK Praha \u2013 Speci\u00e1ln\u00ed pedagogika<\/strong><\/span><\/p>\n<p><span style=\"color: #ffffff;\"><strong>Studium pro v\u00fdchovn\u00e9 poradce<\/strong><\/span><\/p>\n<p><span style=\"color: #ffffff;\"><strong>Specializa\u010dn\u00ed studium logoped\u016f ve \u0161kolstv\u00ed<\/strong><\/span><\/p>\n<p><span style=\"color: #ffffff;\"><strong>Baz\u00e1ln\u00ed stimulace \u2013 z\u00e1kladn\u00ed a n\u00e1stavbov\u00e9 symposium<\/strong><\/span><\/p>\n<p><span style=\"color: #ffffff;\"><strong>Handle p\u0159\u00edstup<\/strong><\/span><\/p>\n<p><span style=\"color: #ffffff;\"><strong>Neuro-v\u00fdvojov\u00e1 stimulace<\/strong><\/span><\/p>\n<p><span style=\"color: #ffffff;\"><strong>Bilater\u00e1ln\u00ed integrace<\/strong><\/span><\/p>\n<p><span style=\"color: #ffffff;\"><strong>Alternativn\u00ed zp\u016fsoby v\u00fduky \u017e\u00e1k\u016f s\u00a0ment\u00e1ln\u00edm posti\u017een\u00edm<\/strong><\/span><\/p>\n<p><span style=\"color: #ffffff;\"><strong>Alternativn\u00ed a augmentativn\u00ed komunikace<\/strong><\/span><\/p>\n<p><strong>VOKS \u2013 V\u00fdm\u011bnn\u00fd obr\u00e1zkov\u00fd komunika\u010dn\u00ed syst\u00e9m<\/strong><\/p>\n<p><strong>Komunika\u010dn\u00ed dovednosti I., II.<\/strong><\/p>\n<p><strong>Max\u00edk<\/strong><\/p>\n<p><strong>KuPOZ<\/strong><\/p>\n<p><strong>Percep\u010dn\u00ed a motorick\u00e1 oslaben\u00ed ve \u0161koln\u00ed praxi<\/strong><\/p>\n<p><strong>EDASTIM<\/strong><\/p>\n<p>[\/et_pb_text][\/et_pb_column][et_pb_column type=&#8220;1_2&#8243; _builder_version=&#8220;4.25.1&#8243; _module_preset=&#8220;default&#8220; background_enable_image=&#8220;off&#8220; global_colors_info=&#8220;{}&#8220;][et_pb_image src=&#8220;http:\/\/pedagogickapece.cz\/wp-content\/uploads\/2024\/09\/Petra-Janeckova.png&#8220; title_text=&#8220;Mgr. Petra Jane\u010dkov\u00e1&#8220; _builder_version=&#8220;4.27.4&#8243; _module_preset=&#8220;default&#8220; hover_enabled=&#8220;0&#8243; border_width_all=&#8220;6px&#8220; border_style_all=&#8220;dotted&#8220; global_colors_info=&#8220;{}&#8220; alt=&#8220;Mgr. Petra Jane\u010dkov\u00e1&#8220; sticky_enabled=&#8220;0&#8243;][\/et_pb_image][et_pb_gallery gallery_ids=&#8220;632,631,629,627,628,630&#8243; posts_number=&#8220;6&#8243; show_title_and_caption=&#8220;off&#8220; show_pagination=&#8220;off&#8220; _builder_version=&#8220;4.27.0&#8243; _module_preset=&#8220;default&#8220; background_enable_pattern_style=&#8220;on&#8220; border_radii=&#8220;on|10px|10px|10px|10px&#8220; border_width_all=&#8220;4px&#8220; border_color_all=&#8220;#494949&#8243; border_style_all=&#8220;dotted&#8220; global_colors_info=&#8220;{}&#8220;][\/et_pb_gallery][\/et_pb_column][\/et_pb_row][\/et_pb_section][et_pb_section fb_built=&#8220;1&#8243; admin_label=&#8220;Contact Info&#8220; _builder_version=&#8220;4.20.0&#8243; _module_preset=&#8220;default&#8220; background_color=&#8220;gcid-9fa4a1b6-767d-41ca-984c-a6f10449c843&#8243; use_background_color_gradient=&#8220;on&#8220; background_color_gradient_stops=&#8220;#1e232b 0%|rgba(30,35,43,0.9) 100%&#8220; background_color_gradient_overlays_image=&#8220;on&#8220; locked=&#8220;off&#8220; collapsed=&#8220;on&#8220; global_colors_info=&#8220;{%22gcid-9fa4a1b6-767d-41ca-984c-a6f10449c843%22:%91%22background_color%22%93}&#8220;][et_pb_row _builder_version=&#8220;4.20.0&#8243; _module_preset=&#8220;default&#8220; custom_padding=&#8220;10px|10px|10px|10px|true|true&#8220; border_width_all=&#8220;2px&#8220; border_color_all=&#8220;rgba(202,182,161,0.3)&#8220; global_colors_info=&#8220;{}&#8220;][et_pb_column type=&#8220;4_4&#8243; _builder_version=&#8220;4.20.0&#8243; _module_preset=&#8220;default&#8220; use_background_color_gradient=&#8220;on&#8220; background_color_gradient_stops=&#8220;rgba(202,182,161,0.7) 0%|rgba(202,182,161,0.7) 100%&#8220; background_color_gradient_overlays_image=&#8220;on&#8220; background_image=&#8220;http:\/\/pedagogickapece.cz\/wp-content\/uploads\/2024\/05\/paper-texture.jpg&#8220; custom_padding=&#8220;60px|60px|60px|60px|true|true&#8220; custom_padding_tablet=&#8220;30px|40px|30px|40px|true|true&#8220; custom_padding_phone=&#8220;20px|30px|20px|30px|true|true&#8220; custom_padding_last_edited=&#8220;on|tablet&#8220; global_colors_info=&#8220;{}&#8220;][et_pb_text _builder_version=&#8220;4.25.1&#8243; _module_preset=&#8220;f66c6b94-a51a-4587-89f7-67dff8b20923&#8243; header_3_font=&#8220;Abhaya Libre|||on|||||&#8220; header_3_font_size=&#8220;34px&#8220; text_orientation=&#8220;center&#8220; header_3_font_size_phone=&#8220;19px&#8220; global_colors_info=&#8220;{}&#8220;]<\/p>\n<h3>Pro bli\u017e\u0161\u00ed informace pros\u00edm volejte<\/h3>\n<p>[\/et_pb_text][et_pb_text _builder_version=&#8220;4.25.1&#8243; _module_preset=&#8220;d96eac82-afc7-4f91-816e-d915a091dc44&#8243; header_2_font=&#8220;Nanum Myeongjo|800||on|||||&#8220; text_orientation=&#8220;center&#8220; global_colors_info=&#8220;{}&#8220;]<\/p>\n<h2>+420 603 972 279<\/h2>\n<p>[\/et_pb_text][\/et_pb_column][\/et_pb_row][\/et_pb_section][et_pb_section fb_built=&#8220;1&#8243; admin_label=&#8220;Testimonials&#8220; _builder_version=&#8220;4.25.1&#8243; _module_preset=&#8220;default&#8220; background_enable_color=&#8220;off&#8220; background_enable_image=&#8220;off&#8220; collapsed=&#8220;on&#8220; global_colors_info=&#8220;{%22gcid-9fa4a1b6-767d-41ca-984c-a6f10449c843%22:%91%22background_color%22%93}&#8220;][et_pb_row _builder_version=&#8220;4.25.1&#8243; _module_preset=&#8220;default&#8220; global_colors_info=&#8220;{}&#8220;][et_pb_column type=&#8220;4_4&#8243; _builder_version=&#8220;4.25.1&#8243; _module_preset=&#8220;default&#8220; global_colors_info=&#8220;{}&#8220;][et_pb_comments _builder_version=&#8220;4.25.1&#8243; _module_preset=&#8220;default&#8220; custom_button=&#8220;on&#8220; button_text_size=&#8220;16px&#8220; button_text_color=&#8220;#636363&#8243; button_border_width=&#8220;2px&#8220; button_border_radius=&#8220;100px&#8220; global_colors_info=&#8220;{}&#8220;][\/et_pb_comments][\/et_pb_column][\/et_pb_row][\/et_pb_section][et_pb_section fb_built=&#8220;1&#8243; admin_label=&#8220;Footer&#8220; _builder_version=&#8220;4.25.1&#8243; _module_preset=&#8220;default&#8220; use_background_color_gradient=&#8220;on&#8220; background_color_gradient_stops=&#8220;#1e232b 0%|rgba(30,35,43,0.9) 100%&#8220; background_color_gradient_overlays_image=&#8220;on&#8220; background_image=&#8220;http:\/\/pedagogickapece.cz\/wp-content\/uploads\/2024\/05\/paper-texture.jpg&#8220; saved_tabs=&#8220;all&#8220; collapsed=&#8220;on&#8220; global_colors_info=&#8220;{}&#8220;][et_pb_row column_structure=&#8220;1_3,1_3,1_3&#8243; _builder_version=&#8220;4.20.0&#8243; _module_preset=&#8220;default&#8220; global_colors_info=&#8220;{}&#8220;][et_pb_column type=&#8220;1_3&#8243; _builder_version=&#8220;4.20.0&#8243; _module_preset=&#8220;default&#8220; global_colors_info=&#8220;{}&#8220;][et_pb_text _builder_version=&#8220;4.25.1&#8243; _module_preset=&#8220;79c26127-1629-447c-8558-1755dd83ead1&#8243; header_4_font=&#8220;Nanum Myeongjo|700|||||||&#8220; text_orientation=&#8220;center&#8220; global_colors_info=&#8220;{%22gcid-11d3dbbb-f6dc-4fb8-929b-9d6994368d00%22:%91%22header_4_text_color%22%93}&#8220;]<\/p>\n<h4>Adresa provozovny:<\/h4>\n<p>[\/et_pb_text][et_pb_text _builder_version=&#8220;4.27.0&#8243; _module_preset=&#8220;c9c3ece8-db62-4406-918e-794f776e67da&#8220; text_text_color=&#8220;#FFFFFF&#8220; text_orientation=&#8220;center&#8220; custom_margin=&#8220;||10px||false|false&#8220; global_colors_info=&#8220;{}&#8220;]<\/p>\n<p>\u0160milovsk\u00e9ho 39,<\/p>\n<p>339 01 Klatovy<\/p>\n<p>[\/et_pb_text][\/et_pb_column][et_pb_column type=&#8220;1_3&#8243; _builder_version=&#8220;4.20.0&#8243; _module_preset=&#8220;default&#8220; global_colors_info=&#8220;{}&#8220;][et_pb_image src=&#8220;http:\/\/pedagogickapece.cz\/wp-content\/uploads\/2024\/05\/ruce-srdce-bila.png&#8220; title_text=&#8220;specialne-pedagogicka-pece&#8220; align=&#8220;center&#8220; _builder_version=&#8220;4.27.0&#8243; _module_preset=&#8220;default&#8220; max_height=&#8220;80px&#8220; global_colors_info=&#8220;{}&#8220;][\/et_pb_image][et_pb_text _builder_version=&#8220;4.25.1&#8243; _module_preset=&#8220;79c26127-1629-447c-8558-1755dd83ead1&#8243; header_4_font=&#8220;Abhaya Libre||||||||&#8220; header_4_font_size=&#8220;19px&#8220; text_orientation=&#8220;center&#8220; header_4_font_size_phone=&#8220;14px&#8220; locked=&#8220;off&#8220; global_colors_info=&#8220;{%22gcid-11d3dbbb-f6dc-4fb8-929b-9d6994368d00%22:%91%22header_4_text_color%22%93}&#8220;]<\/p>\n<h4>SPECI\u00c1LN\u011a PEDAGOGICK\u00c1 P\u00c9\u010cE &#8222;SRDCE NA DLANI&#8220;<\/h4>\n<p>[\/et_pb_text][\/et_pb_column][et_pb_column type=&#8220;1_3&#8243; _builder_version=&#8220;4.20.0&#8243; _module_preset=&#8220;default&#8220; global_colors_info=&#8220;{}&#8220;][et_pb_text _builder_version=&#8220;4.25.1&#8243; _dynamic_attributes=&#8220;link_option_url&#8220; _module_preset=&#8220;79c26127-1629-447c-8558-1755dd83ead1&#8243; header_4_font=&#8220;Nanum Myeongjo|700|||||||&#8220; text_orientation=&#8220;center&#8220; link_option_url=&#8220;@ET-DC@eyJkeW5hbWljIjp0cnVlLCJjb250ZW50IjoicG9zdF9saW5rX3VybF9wYWdlIiwic2V0dGluZ3MiOnsicG9zdF9pZCI6IjcyIn19@&#8220; link_option_url_new_window=&#8220;on&#8220; locked=&#8220;off&#8220; global_colors_info=&#8220;{%22gcid-11d3dbbb-f6dc-4fb8-929b-9d6994368d00%22:%91%22header_4_text_color%22%93}&#8220;]<\/p>\n<h4>Contakt Info:<\/h4>\n<p>[\/et_pb_text][et_pb_text _builder_version=&#8220;4.25.1&#8243; _module_preset=&#8220;c9c3ece8-db62-4406-918e-794f776e67da&#8220; text_text_color=&#8220;#FFFFFF&#8220; link_text_color=&#8220;#FFFFFF&#8220; text_orientation=&#8220;center&#8220; custom_margin=&#8220;||10px||false|false&#8220; locked=&#8220;off&#8220; global_colors_info=&#8220;{}&#8220;]<\/p>\n<p>+420 603 972 279<\/p>\n<p>[\/et_pb_text][et_pb_text _builder_version=&#8220;4.25.1&#8243; _module_preset=&#8220;c9c3ece8-db62-4406-918e-794f776e67da&#8220; text_text_color=&#8220;#FFFFFF&#8220; link_text_color=&#8220;#FFFFFF&#8220; text_orientation=&#8220;center&#8220; custom_margin=&#8220;||10px||false|false&#8220; locked=&#8220;off&#8220; global_colors_info=&#8220;{}&#8220;]<\/p>\n<p><a href=\"mailto:#\">petrajanecek@seznam.cz<\/a><\/p>\n<p>[\/et_pb_text][et_pb_social_media_follow follow_button=&#8220;on&#8220; _builder_version=&#8220;4.27.0&#8243; _module_preset=&#8220;default&#8220; positioning=&#8220;relative&#8220; horizontal_offset_tablet=&#8220;139px&#8220; horizontal_offset_phone=&#8220;2px&#8220; horizontal_offset_last_edited=&#8220;on|desktop&#8220; global_colors_info=&#8220;{}&#8220; follow_button__hover_enabled=&#8220;on|hover&#8220; follow_button__hover=&#8220;on&#8220;][et_pb_social_media_follow_network social_network=&#8220;facebook&#8220; url=&#8220;https:\/\/www.facebook.com\/p.344552\/&#8220; _builder_version=&#8220;4.27.0&#8243; _module_preset=&#8220;default&#8220; background_color=&#8220;#3b5998&#8243; custom_button=&#8220;on&#8220; button_text_size=&#8220;15px&#8220; button_text_color=&#8220;#FFFFFF&#8220; button_border_radius=&#8220;0px&#8220; button_letter_spacing=&#8220;6px&#8220; positioning=&#8220;relative&#8220; horizontal_offset=&#8220;81px&#8220; global_colors_info=&#8220;{}&#8220; follow_button=&#8220;on&#8220; url_new_window=&#8220;on&#8220;]facebook[\/et_pb_social_media_follow_network][\/et_pb_social_media_follow][\/et_pb_column][\/et_pb_row][\/et_pb_section]<\/p>\n","protected":false},"excerpt":{"rendered":"<p>Mgr. Petra Jane\u010dkov\u00e1Jmenuji se Petra Jane\u010dkov\u00e1Jsem speci\u00e1ln\u00ed pedago\u017eka a v\u00a0oboru pracuji v\u00edce ne\u017e 30 let.B\u011bhem sv\u00e9 praxe jsem p\u016fsobila v\u00a0\u00fastavn\u00edm za\u0159\u00edzen\u00ed pro osoby s\u00a0ment\u00e1ln\u00edm posti\u017een\u00edm, d\u00e1le jako u\u010ditelka ve v\u00fdchovn\u00e9m za\u0159\u00edzen\u00ed a nyn\u00ed ji\u017e mnoho let pracuji jako u\u010ditelka ve speci\u00e1ln\u00ed \u0161kole. P\u0159i sv\u00e9 pr\u00e1ci se ve voln\u00e9m \u010dase v\u011bnuji d\u011btem v\u00a0p\u0159ed\u0161koln\u00edm a \u0161koln\u00edm v\u011bku, [&hellip;]<\/p>\n","protected":false},"author":1,"featured_media":0,"parent":0,"menu_order":0,"comment_status":"open","ping_status":"closed","template":"","meta":{"_et_pb_use_builder":"on","_et_pb_old_content":"","_et_gb_content_width":"","footnotes":""},"class_list":["post-84","page","type-page","status-publish","hentry"],"_links":{"self":[{"href":"https:\/\/pedagogickapece.cz\/index.php?rest_route=\/wp\/v2\/pages\/84","targetHints":{"allow":["GET"]}}],"collection":[{"href":"https:\/\/pedagogickapece.cz\/index.php?rest_route=\/wp\/v2\/pages"}],"about":[{"href":"https:\/\/pedagogickapece.cz\/index.php?rest_route=\/wp\/v2\/types\/page"}],"author":[{"embeddable":true,"href":"https:\/\/pedagogickapece.cz\/index.php?rest_route=\/wp\/v2\/users\/1"}],"replies":[{"embeddable":true,"href":"https:\/\/pedagogickapece.cz\/index.php?rest_route=%2Fwp%2Fv2%2Fcomments&post=84"}],"version-history":[{"count":43,"href":"https:\/\/pedagogickapece.cz\/index.php?rest_route=\/wp\/v2\/pages\/84\/revisions"}],"predecessor-version":[{"id":690,"href":"https:\/\/pedagogickapece.cz\/index.php?rest_route=\/wp\/v2\/pages\/84\/revisions\/690"}],"wp:attachment":[{"href":"https:\/\/pedagogickapece.cz\/index.php?rest_route=%2Fwp%2Fv2%2Fmedia&parent=84"}],"curies":[{"name":"wp","href":"https:\/\/api.w.org\/{rel}","templated":true}]}}